{"id":6155,"date":"2025-01-07T14:06:43","date_gmt":"2025-01-07T13:06:43","guid":{"rendered":"https:\/\/preprod.nessell.ch\/?page_id=6155"},"modified":"2026-04-17T23:19:37","modified_gmt":"2026-04-17T21:19:37","slug":"international","status":"publish","type":"page","link":"https:\/\/www.nessell.ch\/en\/international\/","title":{"rendered":"International"},"content":{"rendered":"\t\t<div data-elementor-type=\"wp-page\" data-elementor-id=\"6155\" class=\"elementor elementor-6155 elementor-6154\" data-elementor-post-type=\"page\">\n\t\t\t\t\t\t<section class=\"elementor-section elementor-top-section elementor-element elementor-element-7d72e1e elementor-section-boxed elementor-section-height-default elementor-section-height-default\" data-id=\"7d72e1e\" data-element_type=\"section\">\n\t\t\t\t\t\t<div class=\"elementor-container elementor-column-gap-default\">\n\t\t\t\t\t<div class=\"elementor-column elementor-col-100 elementor-top-column elementor-element elementor-element-0ffc780\" data-id=\"0ffc780\" data-element_type=\"column\">\n\t\t\t<div class=\"elementor-widget-wrap elementor-element-populated\">\n\t\t\t\t\t\t<div class=\"elementor-element elementor-element-a44021a elementor-widget elementor-widget-heading\" data-id=\"a44021a\" data-element_type=\"widget\" data-widget_type=\"heading.default\">\n\t\t\t\t<div class=\"elementor-widget-container\">\n\t\t\t<h1 class=\"elementor-heading-title elementor-size-default\">Our international assets<\/h1>\t\t<\/div>\n\t\t\t\t<\/div>\n\t\t\t\t<div class=\"elementor-element elementor-element-757602b elementor-widget elementor-widget-WpResidence_Items_List\" data-id=\"757602b\" data-element_type=\"widget\" data-widget_type=\"WpResidence_Items_List.default\">\n\t\t\t\t<div class=\"elementor-widget-container\">\n\t\t\t<div id=\"wpestate_sh_anime_671\" class=\"article_container ddccdc wpestate_anime wpestate_latest_listings_sh bottom-estate_property \"  data-type=\"estate_property\" data-category_ids=\"\" data-action_ids=\"20, 63,\" data-city_ids=\"\" data-area_ids=\"147,\" data-state_ids=\"\" data-status_ids=\"\" data-features_ids=\"\" data-number=\"20\" data-row-number=\"2\" data-card-version=\"\" data-align=\"vertical\" data-show_featured_only=\"no\"  data-random_pick=\"no\"  data-featured_first=\"no\" data-sort-by=\"2\"data-display-grid=\"\"data-page=\"1\" ><div class=\"control_tax_wrapper\"><div  class=\"control_tax_sh\" data-taxid=\"147\" data-taxonomy=\"property_area\">France<\/div><div  class=\"control_tax_sh\" data-taxid=\"216\" data-taxonomy=\"property_category\">Prestige<\/div><div  class=\"control_tax_sh\" data-taxid=\"221\" data-taxonomy=\"property_category\">OFF MARKET<\/div><\/div><div class=\"items_shortcode_wrapper  \"><\/div><div class=\"wpestate_listing_sh_loader\">\n       <div class=\"new_prelader\"><\/div>\n    <\/div><div class=\"listinglink-wrapper_sh_listings\">\n               <span class=\"wpresidence_button wpestate_item_list_sh\">load more listings <\/span>\n               <\/div><\/div>\t\t<\/div>\n\t\t\t\t<\/div>\n\t\t\t\t\t<\/div>\n\t\t<\/div>\n\t\t\t\t\t<\/div>\n\t\t<\/section>\n\t\t\t\t<section class=\"elementor-section elementor-top-section elementor-element elementor-element-3a31b6e elementor-section-boxed elementor-section-height-default elementor-section-height-default\" data-id=\"3a31b6e\" data-element_type=\"section\" data-settings=\"{&quot;background_background&quot;:&quot;classic&quot;}\">\n\t\t\t\t\t\t<div class=\"elementor-container elementor-column-gap-default\">\n\t\t\t\t\t<div class=\"elementor-column elementor-col-100 elementor-top-column elementor-element elementor-element-3c67c0da\" data-id=\"3c67c0da\" data-element_type=\"column\">\n\t\t\t<div class=\"elementor-widget-wrap elementor-element-populated\">\n\t\t\t\t\t\t<div class=\"elementor-element elementor-element-1c233a9b elementor-widget elementor-widget-heading\" data-id=\"1c233a9b\" data-element_type=\"widget\" id=\"alerte\" data-widget_type=\"heading.default\">\n\t\t\t\t<div class=\"elementor-widget-container\">\n\t\t\t<h2 class=\"elementor-heading-title elementor-size-default\">Create your e-mail alert so you don't miss any of our new properties!<\/h2>\t\t<\/div>\n\t\t\t\t<\/div>\n\t\t\t\t<div class=\"elementor-element elementor-element-41c4a66f elementor-widget elementor-widget-text-editor\" data-id=\"41c4a66f\" data-element_type=\"widget\" data-widget_type=\"text-editor.default\">\n\t\t\t\t<div class=\"elementor-widget-container\">\n\t\t\t\t\t\t\t<p>You will receive an e-mail for each of our newly published properties.<\/p>\t\t\t\t\t\t<\/div>\n\t\t\t\t<\/div>\n\t\t\t\t<section class=\"elementor-section elementor-inner-section elementor-element elementor-element-726cfa1c elementor-section-boxed elementor-section-height-default elementor-section-height-default\" data-id=\"726cfa1c\" data-element_type=\"section\">\n\t\t\t\t\t\t<div class=\"elementor-container elementor-column-gap-default\">\n\t\t\t\t\t<div class=\"elementor-column elementor-col-100 elementor-inner-column elementor-element elementor-element-4b392f18\" data-id=\"4b392f18\" data-element_type=\"column\">\n\t\t\t<div class=\"elementor-widget-wrap elementor-element-populated\">\n\t\t\t\t\t\t<div class=\"elementor-element elementor-element-e7b9efe elementor-widget elementor-widget-shortcode\" data-id=\"e7b9efe\" data-element_type=\"widget\" data-widget_type=\"shortcode.default\">\n\t\t\t\t<div class=\"elementor-widget-container\">\n\t\t\t\t\t<div class=\"elementor-shortcode\"><p class=\"wpcf7-contact-form-not-found\"><strong>Error:<\/strong> Contact form not found.<\/p><\/div>\n\t\t\t\t<\/div>\n\t\t\t\t<\/div>\n\t\t\t\t\t<\/div>\n\t\t<\/div>\n\t\t\t\t\t<\/div>\n\t\t<\/section>\n\t\t\t\t\t<\/div>\n\t\t<\/div>\n\t\t\t\t\t<\/div>\n\t\t<\/section>\n\t\t\t\t<\/div>\n\t\t","protected":false},"excerpt":{"rendered":"<p>Our international assets FrancePrestigeOFF MARKET Meg\u00e8ve +205&#8217;000 \u20acD\u00e9couvrez ce charmant studio situ\u00e9 au c\u0153ur de Meg\u00e8ve. Dot\u00e9 d&#8217;une pi\u00e8ce principale lumineuse, il offre un espa &#8230;Vente23.00 m2 Pugny-Chatenod +990&#8217;000 \u20acNich\u00e9e dans un cadre idyllique, cette propri\u00e9t\u00e9 d\u2019exception offre une vue panoramique \u00e0 couper le souffle sur le la &#8230;43Vente275.00 m2 Voir plus de biens Create your e-mail alert so you don&#8217;t miss any of &#8230;<\/p>\n","protected":false},"author":5,"featured_media":0,"parent":0,"menu_order":0,"comment_status":"closed","ping_status":"closed","template":"","meta":{"footnotes":""},"class_list":["post-6155","page","type-page","status-publish","hentry"],"_links":{"self":[{"href":"https:\/\/www.nessell.ch\/en\/wp-json\/wp\/v2\/pages\/6155","targetHints":{"allow":["GET"]}}],"collection":[{"href":"https:\/\/www.nessell.ch\/en\/wp-json\/wp\/v2\/pages"}],"about":[{"href":"https:\/\/www.nessell.ch\/en\/wp-json\/wp\/v2\/types\/page"}],"author":[{"embeddable":true,"href":"https:\/\/www.nessell.ch\/en\/wp-json\/wp\/v2\/users\/5"}],"replies":[{"embeddable":true,"href":"https:\/\/www.nessell.ch\/en\/wp-json\/wp\/v2\/comments?post=6155"}],"version-history":[{"count":16,"href":"https:\/\/www.nessell.ch\/en\/wp-json\/wp\/v2\/pages\/6155\/revisions"}],"predecessor-version":[{"id":14193,"href":"https:\/\/www.nessell.ch\/en\/wp-json\/wp\/v2\/pages\/6155\/revisions\/14193"}],"wp:attachment":[{"href":"https:\/\/www.nessell.ch\/en\/wp-json\/wp\/v2\/media?parent=6155"}],"curies":[{"name":"wp","href":"https:\/\/api.w.org\/{rel}","templated":true}]}}